{"id":8795,"date":"2020-05-28T11:26:51","date_gmt":"2020-05-28T09:26:51","guid":{"rendered":"https:\/\/www.bachsermaert.ch\/?page_id=8795"},"modified":"2023-02-20T12:03:21","modified_gmt":"2023-02-20T11:03:21","slug":"datenschutzerklaerung","status":"publish","type":"page","link":"https:\/\/www.bachsermaert.ch\/en\/datenschutzerklaerung\/","title":{"rendered":"Privacy Policy"},"content":{"rendered":"\t\t<div data-elementor-type=\"wp-page\" data-elementor-id=\"8795\" class=\"elementor elementor-8795 elementor-3\" data-elementor-post-type=\"page\">\n\t\t\t\t\t\t<section class=\"elementor-section elementor-top-section elementor-element elementor-element-ac03721 elementor-section-boxed elementor-section-height-default elementor-section-height-default\" data-id=\"ac03721\" data-element_type=\"section\" data-settings=\"{&quot;jet_parallax_layout_list&quot;:[{&quot;jet_parallax_layout_image&quot;:{&quot;url&quot;:&quot;&quot;,&quot;id&quot;:&quot;&quot;,&quot;size&quot;:&quot;&quot;},&quot;_id&quot;:&quot;362d718&quot;,&quot;jet_parallax_layout_image_tablet&quot;:{&quot;url&quot;:&quot;&quot;,&quot;id&quot;:&quot;&quot;,&quot;size&quot;:&quot;&quot;},&quot;jet_parallax_layout_image_mobile&quot;:{&quot;url&quot;:&quot;&quot;,&quot;id&quot;:&quot;&quot;,&quot;size&quot;:&quot;&quot;},&quot;jet_parallax_layout_speed&quot;:{&quot;unit&quot;:&quot;%&quot;,&quot;size&quot;:50,&quot;sizes&quot;:[]},&quot;jet_parallax_layout_type&quot;:&quot;scroll&quot;,&quot;jet_parallax_layout_direction&quot;:null,&quot;jet_parallax_layout_fx_direction&quot;:null,&quot;jet_parallax_layout_z_index&quot;:&quot;&quot;,&quot;jet_parallax_layout_bg_x&quot;:50,&quot;jet_parallax_layout_bg_x_tablet&quot;:&quot;&quot;,&quot;jet_parallax_layout_bg_x_mobile&quot;:&quot;&quot;,&quot;jet_parallax_layout_bg_y&quot;:50,&quot;jet_parallax_layout_bg_y_tablet&quot;:&quot;&quot;,&quot;jet_parallax_layout_bg_y_mobile&quot;:&quot;&quot;,&quot;jet_parallax_layout_bg_size&quot;:&quot;auto&quot;,&quot;jet_parallax_layout_bg_size_tablet&quot;:&quot;&quot;,&quot;jet_parallax_layout_bg_size_mobile&quot;:&quot;&quot;,&quot;jet_parallax_layout_animation_prop&quot;:&quot;transform&quot;,&quot;jet_parallax_layout_on&quot;:[&quot;desktop&quot;,&quot;tablet&quot;]}]}\">\n\t\t\t\t\t\t<div class=\"elementor-container elementor-column-gap-default\">\n\t\t\t\t\t<div class=\"elementor-column elementor-col-100 elementor-top-column elementor-element elementor-element-3da419c9\" data-id=\"3da419c9\" data-element_type=\"column\">\n\t\t\t<div class=\"elementor-widget-wrap elementor-element-populated\">\n\t\t\t\t\t\t<div class=\"elementor-element elementor-element-3a60618 elementor-widget elementor-widget-heading\" data-id=\"3a60618\" data-element_type=\"widget\" data-widget_type=\"heading.default\">\n\t\t\t\t<div class=\"elementor-widget-container\">\n\t\t\t\t\t<h1 class=\"elementor-heading-title elementor-size-default\">Impressum<\/h1>\t\t\t\t<\/div>\n\t\t\t\t<\/div>\n\t\t\t\t<div class=\"elementor-element elementor-element-e36e179 elementor-widget elementor-widget-text-editor\" data-id=\"e36e179\" data-element_type=\"widget\" data-widget_type=\"text-editor.default\">\n\t\t\t\t<div class=\"elementor-widget-container\">\n\t\t\t\t\t\t\t\t\t<p>BachserM\u00e4rt GmbH<br \/>Bachsertalstrasse 10<br \/>8164 Bachs<\/p><p><a href=\"mailto:laden@bachsermaert.ch\">laden@bachsermaert.ch<\/a><br \/>Telefon <a href=\"http:\/\/0041448605362\">044 860 53 62<\/a><br \/>Fax 044 271 03 22<\/p><p>Mehrwertsteuernummer: CHE-115.831.507 MWST<br \/>IBAN: CH72 0070 0110 0028 4393 7<\/p><p>Gesch\u00e4ftsf\u00fchrer: Carsten Hejndorf<br \/>Firmennummer: CH-020.4.042.985-9<br \/>UID: CHE-115.831.507<\/p><p>Die Firma ist im Handelsregister des Kantons Z\u00fcrich eingetragen.<\/p><p>CI\/CD <a href=\"http:\/\/www.schoder.ch\/\" target=\"_blank\" rel=\"noopener\">Jonas Schoder<\/a>.<br \/>Ilustration <a href=\"https:\/\/www.miragisler.ch\/\" target=\"_blank\" rel=\"noopener\">Mira Gisler<\/a>.<br \/>Webdesign &amp; -programmierung <a href=\"https:\/\/sonjablo.ch\/\" target=\"_blank\" rel=\"noopener\">Sonja Bloch Medien<\/a>.\u00a0<\/p>\t\t\t\t\t\t\t\t<\/div>\n\t\t\t\t<\/div>\n\t\t\t\t<div class=\"elementor-element elementor-element-08bbe10 elementor-widget elementor-widget-heading\" data-id=\"08bbe10\" data-element_type=\"widget\" data-widget_type=\"heading.default\">\n\t\t\t\t<div class=\"elementor-widget-container\">\n\t\t\t\t\t<h2 class=\"elementor-heading-title elementor-size-default\">Datenschutzerkl\u00e4rung<\/h2>\t\t\t\t<\/div>\n\t\t\t\t<\/div>\n\t\t\t\t<div class=\"elementor-element elementor-element-5225dd6 imprint elementor-widget elementor-widget-text-editor\" data-id=\"5225dd6\" data-element_type=\"widget\" data-widget_type=\"text-editor.default\">\n\t\t\t\t<div class=\"elementor-widget-container\">\n\t\t\t\t\t\t\t\t\t<p>Auf dieser Webseite stellt BachserM\u00e4rt GmbH ihre Dienstleistungen sowie Produkte vor. Durch den Zugriff auf diese Website akzeptierst du die hier enthaltenen Nutzungsbedingungen. Solltest du diesen nicht zustimmen, bitten wir dich, diese Webseite zu verlassen. Wir behalten uns das Recht vor, unsere Nutzungsbedingungen jederzeit zu \u00e4ndern. Mit der Nutzung der Webseite anerkennst du die Nutzungsbedingungen in ihrer jeweils geltenden aktuellen Fassung.<\/p><ol><li>Inhalte dieser Website<br \/>BachserM\u00e4rt GmbH hat die auf der Website ver\u00f6ffentlichten Informationen und Daten nach bestem Wissen und unter gr\u00f6sster Sorgfalt zusammengestellt. BachserM\u00e4rt GmbH garantiert jedoch nicht f\u00fcr die Richtigkeit, Vollst\u00e4ndigkeit oder Aktualit\u00e4t der auf www.bachsermaert.ch zur Verf\u00fcgung gestellten Inhalte.<\/li><li>Nutzung der Website<br \/>Unsere Webseite dient der eigenen, pers\u00f6nlichen Information des Nutzers. Der Ausdruck oder die Speicherung von auf der Website enthaltenen Informationen ist ausschliesslich f\u00fcr den eigenen, pers\u00f6nlichen und nicht kommerziellen Gebrauch durch den Nutzer gestattet. Die Vervielf\u00e4ltigung, die \u00c4nderung oder anderweitige Verarbeitung von auf unserer Website enthaltenen Informationen, deren Weitergabe, Ver\u00f6ffentlichung oder anderweitige Wiedergabe ist dagegen nicht gestattet. Das manuelle oder automatisierte Abfragen von Inhalten unserer Website zwecks Zug\u00e4nglichmachung dieser Informationen im Rahmen anderer Angebote (beispielsweise im Rahmen von Meta Search Angeboten oder sogenannten Spidern) ist nur mit unserer schriftlichen Zustimmung zul\u00e4ssig. Mit der Nutzung der Website kommt keinerlei Vertragsverh\u00e4ltnis zwischen dem Nutzer und der BachserM\u00e4rt GmbH zustande. Die Informationen auf unserer Website stellen keine verbindlichen Offerten im Sinne des Vertragsrechts dar, sondern sind als freibleibende Einladung zur Offertstellung durch den Nutzer zu verstehen. Ein Vertrag kommt nur durch unsere ausdr\u00fcckliche Zustimmung zu einer Offerte bzw. Bestellung durch den Nutzer zustande. Die Nutzung der Dienstleistungen von der BachserM\u00e4rt GmbH unterliegt den allgemeinen Gesch\u00e4ftsbedingungen sowie den Datenschutzbestimmungen. Diese sind vor einer allf\u00e4lligen Nutzung der entsprechenden Dienstleistungen zu konsultieren.<\/li><li>Hinweis auf Urheberrechte und Markenrechte<br \/>Diese Website sowie die darin enthaltenen Daten und anderen Informationen einschliesslich Fotos, Darstellungen, Texte und Navigationselemente sind durch das Urheberrecht und andere Schutzrechte gesch\u00fctzt. Im Verh\u00e4ltnis zwischen dem Nutzer und BachserM\u00e4rt GmbH stehen diese Rechte ausschliesslich der BachserM\u00e4rt GmbH zu. Jegliche Verwendung der auf dieser Webseite ver\u00f6ffentlichten Inhalte ausserhalb des eigenen, pers\u00f6nlichen Gebrauchs durch den Nutzer gem\u00e4ss der vorstehenden Ziffer 2 ist nur mit vorg\u00e4ngiger Zustimmung von der BachserM\u00e4rt GmbH zul\u00e4ssig.<\/li><li>Gew\u00e4hrleistung und Haftung<br \/>Wir setzen uns daf\u00fcr ein, dass unsere Website stets aktuell und mit den jeweils aktuellen Browsern \u00fcber Internet zug\u00e4nglich ist. Allerdings k\u00f6nnen wir keine Gew\u00e4hr daf\u00fcr bieten, dass die \u00fcber unsere Website abrufbaren Inhalte jederzeit vollst\u00e4ndig, richtig oder f\u00fcr einen bestimmten Zweck geeignet sind. Die Zug\u00e4nglichkeit unserer Website h\u00e4ngt von der Verf\u00fcgbarkeit von Webservern und Netzinfrastrukturen ab und liegt damit ausserhalb von unserem Einflussbereich. BachserM\u00e4rt GmbH lehnt daher jede Haftung f\u00fcr die Zug\u00e4nglichkeit, Richtigkeit oder Vollst\u00e4ndigkeit der Informationen auf dieser Website ab.<\/li><li>Kontaktformulare<br \/>\u00dcbermittelte Kontaktformulare f\u00fcr Anfragen werden zur Verarbeitung verwendet und aufbewahrt. Kontaktanfragen werden durch uns nicht f\u00fcr Marketing-Zwecke verwendet.<\/li><li>Eingebettete Inhalte von anderen Websites<br \/>Beitr\u00e4ge auf dieser Website k\u00f6nnen eingebettete Inhalte beinhalten (z.B. Videos, Bilder, Beitr\u00e4ge etc.). Eingebettete Inhalte von anderen Websites verhalten sich exakt so, als ob der Besucher die andere Website besucht h\u00e4tte. Diese Websites k\u00f6nnen Daten \u00fcber dich sammeln, Cookies benutzen, zus\u00e4tzliche Tracking-Dienste von Dritten einbetten und deine Interaktion mit diesem eingebetteten Inhalt aufzeichnen, inklusive deiner Interaktion mit dem eingebetteten Inhalt, falls du ein Konto hast und auf dieser Website angemeldet bist. Bei direkten oder indirekten Verweisen auf fremde Webseiten (\u00abHyperlinks\u00bb), die ausserhalb des Verantwortungsbereiches des Autors liegen, w\u00fcrde eine Haftungsverpflichtung ausschliesslich in dem Fall in Kraft treten, in dem der Autor von den Inhalten Kenntnis hat und es ihm technisch m\u00f6glich und zumutbar w\u00e4re, die Nutzung im Falle rechtswidriger Inhalte zu verhindern. Der Autor erkl\u00e4rt hiermit ausdr\u00fccklich, dass zum Zeitpunkt der Linksetzung keine illegalen Inhalte auf den zu verlinkenden Seiten erkennbar waren. Auf die aktuelle und zuk\u00fcnftige Gestaltung, die Inhalte oder die Urheberschaft der verlinkten\/verkn\u00fcpften Seiten hat der Autor keinerlei Einfluss. Deshalb distanziert er sich hiermit ausdr\u00fccklich von allen Inhalten aller verlinkten\/verkn\u00fcpften Seiten, die nach der Linksetzung ver\u00e4ndert wurden. Diese Feststellung gilt f\u00fcr alle innerhalb des eigenen Internetangebotes gesetzten Links und Verweise sowie f\u00fcr Fremdeintr\u00e4ge in vom Autor eingerichteten G\u00e4steb\u00fcchern, Diskussionsforen, Linkverzeichnissen, Mailinglisten und in allen anderen Formen von Datenbanken, auf deren Inhalt externe Schreibzugriffe m\u00f6glich sind. F\u00fcr illegale, fehlerhafte oder unvollst\u00e4ndige Inhalte und insbesondere f\u00fcr Sch\u00e4den, die aus der Nutzung oder Nichtnutzung solcherart dargebotener Informationen entstehen, haftet allein der Anbieter der Seite, auf welche verwiesen wurde, nicht derjenige, der \u00fcber Links auf die jeweilige Ver\u00f6ffentlichung lediglich verweist.<\/li><li>Diese Daten teilen wir<br \/>Wir hosten unsere Website bei compute.ch gmbh. Damit diese ihre Dienstleistungen zuverl\u00e4ssig, technisch einwandfrei und auch gesetzeskonform erbringen zu k\u00f6nnen, legen die Server von compute.ch sogenannte Logfiles an. Weitere Informationen \u00fcber Daten, die compute.ch gmbh verarbeitet, wenn du unsere Website besuchst, findest du unter www.compute.ch.<\/li><li>Google Analytics<br \/>Diese Website benutzt Google Analytics, einen Webanalysedienst der Google Inc. (\u201eGoogle\u201c). Google Analytics verwendet sog. \u201eCookies\u201c, Textdateien, die auf deinem Computer gespeichert werden und die eine Analyse der Benutzung der Website durch dich erm\u00f6glicht. Die durch den Cookie erzeugten Informationen \u00fcber deine Benutzung dieser Website (einschliesslich Ihrer IP-Adresse) wird an einen Server von Google in den USA \u00fcbertragen und dort gespeichert. Google wird diese Informationen benutzen, um deine Nutzung der Website auszuwerten, um Reports \u00fcber die Websiteaktivit\u00e4ten f\u00fcr die Websitebetreiber zusammenzustellen und um weitere mit der Websitenutzung und der Internetnutzung verbundene Dienstleistungen zu erbringen. Auch wird Google diese Informationen gegebenenfalls an Dritte \u00fcbertragen, sofern dies gesetzlich vorgeschrieben oder soweit Dritte diese Daten im Auftrag von Google verarbeiten. Google wird in keinem Fall Ihre IP-Adresse mit anderen Daten der Google in Verbindung bringen. Du kannst die Installation der Cookies durch eine entsprechende Einstellung deiner Browsersoftware verhindern; wir weisen Sie jedoch darauf hin, dass du in diesem Fall gegebenenfalls nicht s\u00e4mtliche Funktionen dieser Website voll umf\u00e4nglich nutzen kannst. Durch die Nutzung dieser Website erkl\u00e4rst du dich mit der Bearbeitung der \u00fcber dich erhobenen Daten durch Google in der zuvor beschriebenen Art und Weise und zu dem zuvor benannten Zweck einverstanden.<\/li><li>Google Maps<br \/>Diese Seite nutzt \u00fcber eine API den Kartendienst Google Maps. Anbieter ist die Google Inc., 1600 Amphitheatre Parkway, Mountain View, CA 94043, USA. Zur Nutzung der Funktionen von Google Maps ist es notwendig, Ihre IP Adresse zu speichern. Diese Informationen werden in der Regel an einen Server von Google in den USA \u00fcbertragen und dort gespeichert. Der Anbieter dieser Seite hat keinen Einfluss auf diese Daten\u00fcbertragung. Die Nutzung von Google Maps erfolgt im Interesse einer ansprechenden Darstellung unserer Online-Angebote und an einer leichten Auffindbarkeit der von uns auf der Website angegebenen Orte. Dies stellt ein berechtigtes Interesse im Sinne von Art. 6 Abs. 1 lit. f DSGVO dar. Mehr Informationen zum Umgang mit Nutzerdaten findest du in der Datenschutzerkl\u00e4rung von Google: https:\/\/www.google.de\/intl\/de\/policies\/privacy\/.<\/li><li>Auskunftsrecht<br \/>Jeder Kunde hat das Recht Auskunft dar\u00fcber zu verlangen, ob und welche personenbezogenen Daten \u00fcber ihn bei der BachserM\u00e4rt GmbH gespeichert sind. Auf Anfrage l\u00f6schen wir ggf. von dir gespeicherte Daten. Entsprechende Anfragen sind mittels E-Mail an laden{at}bachsermaert.ch zu richten. Auch andere Fragen betreffend Nutzungsbedingungen sind an laden{at}bachsermaert.ch zu richten. Wir sind bestrebt, Anfragen schnellstm\u00f6glich zu beantworten.<\/li><li>Anwendbares Recht und Gerichtsstand<br \/>Diese Webseite wird in der Schweiz betrieben. Indem du diese Webseite nutzen, akzeptierst du, dass diese Nutzungsbedingungen und s\u00e4mtliche daraus oder aus der Nutzung der Website resultierenden Auseinandersetzungen dem materiellen Schweizer Recht unterliegen. Ausschliesslicher Gerichtsstand bilden die ordentlichen Gerichte von Z\u00fcrich. BachserM\u00e4rt GmbH steht es alternativ frei, den Nutzer auch an dessen Wohnsitz zu belangen.<\/li><li>\u00c4nderung der Nutzungsbedingungen<br \/>BachserM\u00e4rt GmbH beh\u00e4lt sich das Recht vor, diese Nutzungsbedingungen jederzeit und ohne vorherige Mitteilung zu \u00e4ndern. Diese \u00c4nderungen treten unmittelbar nach Ver\u00f6ffentlichung in Kraft. Die fortgesetzte Nutzung von unserem Angebot nach dem Zeitpunkt einer solchen \u00c4nderung gilt als Akzeptanz der \u00c4nderung.<\/li><\/ol><p>Bachs, 1. Januar 2020<br \/>BachserM\u00e4rt GmbH<br \/>Sternenstrasse 26<br \/>8164 Bachs\u00a0<\/p>\t\t\t\t\t\t\t\t<\/div>\n\t\t\t\t<\/div>\n\t\t\t\t\t<\/div>\n\t\t<\/div>\n\t\t\t\t\t<\/div>\n\t\t<\/section>\n\t\t\t\t<\/div>\n\t\t","protected":false},"excerpt":{"rendered":"<p>Impressum BachserM\u00e4rt GmbHBachsertalstrasse 108164 Bachs laden@bachsermaert.chTelefon 044 860 53 62Fax 044 271 03 22 Mehrwertsteuernummer: CHE-115.831.507 MWSTIBAN: CH72 0070 0110 0028 4393 7 Gesch\u00e4ftsf\u00fchrer: Carsten HejndorfFirmennummer: CH-020.4.042.985-9UID: CHE-115.831.507 Die Firma ist im Handelsregister des Kantons Z\u00fcrich eingetragen. CI\/CD Jonas Schoder.Ilustration Mira Gisler.Webdesign &amp; -programmierung Sonja Bloch Medien.\u00a0 Datenschutzerkl\u00e4rung Auf dieser Webseite stellt BachserM\u00e4rt GmbH ihre [&hellip;]<\/p>\n","protected":false},"author":10,"featured_media":0,"parent":0,"menu_order":0,"comment_status":"closed","ping_status":"open","template":"","meta":{"_acf_changed":false,"footnotes":""},"class_list":["post-8795","page","type-page","status-publish","hentry"],"acf":[],"aioseo_notices":[],"_links":{"self":[{"href":"https:\/\/www.bachsermaert.ch\/en\/wp-json\/wp\/v2\/pages\/8795","targetHints":{"allow":["GET"]}}],"collection":[{"href":"https:\/\/www.bachsermaert.ch\/en\/wp-json\/wp\/v2\/pages"}],"about":[{"href":"https:\/\/www.bachsermaert.ch\/en\/wp-json\/wp\/v2\/types\/page"}],"author":[{"embeddable":true,"href":"https:\/\/www.bachsermaert.ch\/en\/wp-json\/wp\/v2\/users\/10"}],"replies":[{"embeddable":true,"href":"https:\/\/www.bachsermaert.ch\/en\/wp-json\/wp\/v2\/comments?post=8795"}],"version-history":[{"count":4,"href":"https:\/\/www.bachsermaert.ch\/en\/wp-json\/wp\/v2\/pages\/8795\/revisions"}],"predecessor-version":[{"id":13273,"href":"https:\/\/www.bachsermaert.ch\/en\/wp-json\/wp\/v2\/pages\/8795\/revisions\/13273"}],"wp:attachment":[{"href":"https:\/\/www.bachsermaert.ch\/en\/wp-json\/wp\/v2\/media?parent=8795"}],"curies":[{"name":"wp","href":"https:\/\/api.w.org\/{rel}","templated":true}]}}